{"id":1577,"date":"2024-11-15T09:58:00","date_gmt":"2024-11-15T09:58:00","guid":{"rendered":"https:\/\/lunabistro.ro\/?page_id=1577"},"modified":"2024-11-15T11:31:44","modified_gmt":"2024-11-15T11:31:44","slug":"politica-de-confidentialitate","status":"publish","type":"page","link":"https:\/\/lunabistro.ro\/en\/politica-de-confidentialitate\/","title":{"rendered":"Politica de Confidentialitate"},"content":{"rendered":"<div data-elementor-type=\"wp-page\" data-elementor-id=\"1577\" class=\"elementor elementor-1577\" data-elementor-post-type=\"page\">\n\t\t\t\t<div class=\"elementor-element elementor-element-aa6a83c e-flex e-con-boxed e-con e-parent\" data-id=\"aa6a83c\" data-element_type=\"container\" data-e-type=\"container\">\n\t\t\t\t\t<div class=\"e-con-inner\">\n\t\t\t\t<div class=\"elementor-element elementor-element-1ffb027 elementor-widget elementor-widget-heading\" data-id=\"1ffb027\" data-element_type=\"widget\" data-e-type=\"widget\" data-widget_type=\"heading.default\">\n\t\t\t\t<div class=\"elementor-widget-container\">\n\t\t\t\t\t<h2 class=\"elementor-heading-title elementor-size-default\">1. Informa\u021bii Generale<\/h2>\t\t\t\t<\/div>\n\t\t\t\t<\/div>\n\t\t\t\t<div class=\"elementor-element elementor-element-5318d08 elementor-widget elementor-widget-text-editor\" data-id=\"5318d08\" data-element_type=\"widget\" data-e-type=\"widget\" data-widget_type=\"text-editor.default\">\n\t\t\t\t<div class=\"elementor-widget-container\">\n\t\t\t\t\t\t\t\t\t<p>Ne rezerv\u0103m dreptul de a actualiza \u0219i modifica periodic aceast\u0103 Politic\u0103 de Confiden\u021bialitate pentru a reflecta modific\u0103rile \u00een modul \u00een care prelucr\u0103m datele tale personale sau schimb\u0103rile cerin\u021belor legale. Vom publica pe website-ul nostru ultima versiune a Politicii de Confiden\u021bialitate, motiv pentru care te \u00eencuraj\u0103m s\u0103 o consul\u021bi periodic.<\/p><p>Ne angaj\u0103m s\u0103 proces\u0103m datele tale personale \u00een mod responsabil \u0219i s\u0103 respect\u0103m confiden\u021bialitatea acestora conform Regulamentului General privind Protec\u021bia Datelor (UE) 2016\/679 (GDPR). Implement\u0103m m\u0103suri de securitate adecvate pentru a proteja datele tale \u00eempotriva accesului neautorizat, folosirii incorecte sau divulg\u0103rii.<\/p>\t\t\t\t\t\t\t\t<\/div>\n\t\t\t\t<\/div>\n\t\t\t\t\t<\/div>\n\t\t\t\t<\/div>\n\t\t<div class=\"elementor-element elementor-element-d5752e2 e-flex e-con-boxed e-con e-parent\" data-id=\"d5752e2\" data-element_type=\"container\" data-e-type=\"container\">\n\t\t\t\t\t<div class=\"e-con-inner\">\n\t\t\t\t<div class=\"elementor-element elementor-element-934c74e elementor-widget elementor-widget-heading\" data-id=\"934c74e\" data-element_type=\"widget\" data-e-type=\"widget\" data-widget_type=\"heading.default\">\n\t\t\t\t<div class=\"elementor-widget-container\">\n\t\t\t\t\t<h2 class=\"elementor-heading-title elementor-size-default\">2. Tipuri de date colectate \u0219i scopurile prelucr\u0103rii<\/h2>\t\t\t\t<\/div>\n\t\t\t\t<\/div>\n\t\t\t\t<div class=\"elementor-element elementor-element-ca5a757 elementor-widget elementor-widget-text-editor\" data-id=\"ca5a757\" data-element_type=\"widget\" data-e-type=\"widget\" data-widget_type=\"text-editor.default\">\n\t\t\t\t<div class=\"elementor-widget-container\">\n\t\t\t\t\t\t\t\t\t<p>Colect\u0103m date personale \u00een diverse moduri, inclusiv atunci c\u00e2nd te \u00eenregistrezi, te loghezi, faci o comand\u0103 pe site-ul nostru, sau c\u00e2nd interac\u021bionezi cu noi prin intermediul call-centerului sau al magazinelor noastre fizice.<\/p><p><strong>Datele colectate includ:<\/strong><\/p><ul><li><strong>Identificare \u0219i Contact<\/strong>: numele, adresa de e-mail, num\u0103rul de telefon, adresa de domiciliu.<\/li><li><strong>Date financiare<\/strong>: date de facturare, detalii cont bancar (acolo unde este necesar pentru a procesa plata).<\/li><li><strong>Date de dispozitiv \u0219i conexiune<\/strong>: adres\u0103 IP, tipul browser-ului, date de localizare, atribute hardware \u0219i software.<\/li><li><strong>Date de tranzac\u021bie<\/strong>: comenzile plasate, istoricul de achizi\u021bii.<\/li><\/ul><p>\u00a0<\/p><p><strong>Baza legal\u0103 a prelucr\u0103rii datelor<\/strong><\/p><p>Prelucr\u0103m datele tale cu caracter personal pe baza:<\/p><ul><li><strong>Execut\u0103rii contractului<\/strong>: pentru a furniza produsele \u0219i serviciile noastre conform solicit\u0103rilor tale.<\/li><li><strong>Consim\u021b\u0103m\u00e2ntului<\/strong>: \u00een cazul transmiterii de oferte promo\u021bionale sau pentru instalarea anumitor tipuri de cookies.<\/li><li><strong>Obliga\u021biilor legale<\/strong>: atunci c\u00e2nd legea ne impune p\u0103strarea anumitor informa\u021bii (ex: obliga\u021bii fiscale).<\/li><li><strong>Interesului nostru legitim<\/strong>: pentru securizarea platformei noastre, prevenirea fraudelor \u0219i optimizarea serviciilor.<\/li><\/ul>\t\t\t\t\t\t\t\t<\/div>\n\t\t\t\t<\/div>\n\t\t\t\t\t<\/div>\n\t\t\t\t<\/div>\n\t\t<div class=\"elementor-element elementor-element-9047aea e-flex e-con-boxed e-con e-parent\" data-id=\"9047aea\" data-element_type=\"container\" data-e-type=\"container\">\n\t\t\t\t\t<div class=\"e-con-inner\">\n\t\t\t\t<div class=\"elementor-element elementor-element-3d7a18a elementor-widget elementor-widget-heading\" data-id=\"3d7a18a\" data-element_type=\"widget\" data-e-type=\"widget\" data-widget_type=\"heading.default\">\n\t\t\t\t<div class=\"elementor-widget-container\">\n\t\t\t\t\t<h2 class=\"elementor-heading-title elementor-size-default\">3. Politica de Cookies \u0219i tehnologii de tracking<\/h2>\t\t\t\t<\/div>\n\t\t\t\t<\/div>\n\t\t\t\t<div class=\"elementor-element elementor-element-5e72d0d elementor-widget elementor-widget-text-editor\" data-id=\"5e72d0d\" data-element_type=\"widget\" data-e-type=\"widget\" data-widget_type=\"text-editor.default\">\n\t\t\t\t<div class=\"elementor-widget-container\">\n\t\t\t\t\t\t\t\t\t<p>Utiliz\u0103m cookies \u0219i tehnologii similare pentru a-\u021bi oferi o experien\u021b\u0103 \u00eembun\u0103t\u0103\u021bit\u0103 pe site-ul nostru, pentru analiza traficului \u0219i pentru personalizarea con\u021binutului. Po\u021bi ajusta preferin\u021bele de cookies acces\u00e2nd set\u0103rile disponibile pe site. Detalii complete sunt furnizate \u00een <a href=\"https:\/\/lunabistro.ro\/en\/politica-cookie\/\">Politica de Cookies<\/a>.<\/p>\t\t\t\t\t\t\t\t<\/div>\n\t\t\t\t<\/div>\n\t\t\t\t\t<\/div>\n\t\t\t\t<\/div>\n\t\t<div class=\"elementor-element elementor-element-ea87e88 e-flex e-con-boxed e-con e-parent\" data-id=\"ea87e88\" data-element_type=\"container\" data-e-type=\"container\">\n\t\t\t\t\t<div class=\"e-con-inner\">\n\t\t\t\t<div class=\"elementor-element elementor-element-f5500ea elementor-widget elementor-widget-heading\" data-id=\"f5500ea\" data-element_type=\"widget\" data-e-type=\"widget\" data-widget_type=\"heading.default\">\n\t\t\t\t<div class=\"elementor-widget-container\">\n\t\t\t\t\t<h2 class=\"elementor-heading-title elementor-size-default\">4. Termenii de p\u0103strare a datelor<\/h2>\t\t\t\t<\/div>\n\t\t\t\t<\/div>\n\t\t\t\t<div class=\"elementor-element elementor-element-926e19b elementor-widget elementor-widget-text-editor\" data-id=\"926e19b\" data-element_type=\"widget\" data-e-type=\"widget\" data-widget_type=\"text-editor.default\">\n\t\t\t\t<div class=\"elementor-widget-container\">\n\t\t\t\t\t\t\t\t\t<p>Stoc\u0103m datele tale personale pe perioade diferite, \u00een func\u021bie de scopul \u0219i baza legal\u0103 a prelucr\u0103rii:<\/p><ul><li><strong>Date de cont \u0219i comand\u0103<\/strong>: pe durata existen\u021bei contului t\u0103u sau conform perioadei de arhivare legale.<\/li><li><strong>Date de marketing<\/strong>: p\u00e2n\u0103 la retragerea consim\u021b\u0103m\u00e2ntului t\u0103u.<\/li><li><strong>Date de tranzac\u021bie<\/strong>: conform obliga\u021biilor legale, de exemplu, 5 ani pentru documentele fiscale. Po\u021bi solicita \u0219tergerea anumitor date oric\u00e2nd; aceste solicit\u0103ri vor fi onorate, sub rezerva respect\u0103rii obliga\u021biilor noastre legale.<\/li><\/ul>\t\t\t\t\t\t\t\t<\/div>\n\t\t\t\t<\/div>\n\t\t\t\t\t<\/div>\n\t\t\t\t<\/div>\n\t\t<div class=\"elementor-element elementor-element-93caa74 e-flex e-con-boxed e-con e-parent\" data-id=\"93caa74\" data-element_type=\"container\" data-e-type=\"container\">\n\t\t\t\t\t<div class=\"e-con-inner\">\n\t\t\t\t<div class=\"elementor-element elementor-element-9643aca elementor-widget elementor-widget-heading\" data-id=\"9643aca\" data-element_type=\"widget\" data-e-type=\"widget\" data-widget_type=\"heading.default\">\n\t\t\t\t<div class=\"elementor-widget-container\">\n\t\t\t\t\t<h2 class=\"elementor-heading-title elementor-size-default\">5. Transferuri interna\u021bionale de date<\/h2>\t\t\t\t<\/div>\n\t\t\t\t<\/div>\n\t\t\t\t<div class=\"elementor-element elementor-element-61fa44a elementor-widget elementor-widget-text-editor\" data-id=\"61fa44a\" data-element_type=\"widget\" data-e-type=\"widget\" data-widget_type=\"text-editor.default\">\n\t\t\t\t<div class=\"elementor-widget-container\">\n\t\t\t\t\t\t\t\t\t<p>\u00cen cazul \u00een care datele tale sunt transferate \u00een afara Spa\u021biului Economic European, ne asigur\u0103m c\u0103 acestea sunt protejate \u00een conformitate cu GDPR, utiliz\u00e2nd m\u0103suri precum clauze contractuale standard sau alte mecanisme legale acceptate.<\/p>\t\t\t\t\t\t\t\t<\/div>\n\t\t\t\t<\/div>\n\t\t\t\t\t<\/div>\n\t\t\t\t<\/div>\n\t\t<div class=\"elementor-element elementor-element-8e69332 e-flex e-con-boxed e-con e-parent\" data-id=\"8e69332\" data-element_type=\"container\" data-e-type=\"container\">\n\t\t\t\t\t<div class=\"e-con-inner\">\n\t\t\t\t<div class=\"elementor-element elementor-element-f7e4946 elementor-widget elementor-widget-heading\" data-id=\"f7e4946\" data-element_type=\"widget\" data-e-type=\"widget\" data-widget_type=\"heading.default\">\n\t\t\t\t<div class=\"elementor-widget-container\">\n\t\t\t\t\t<h2 class=\"elementor-heading-title elementor-size-default\">6. Drepturile tale<\/h2>\t\t\t\t<\/div>\n\t\t\t\t<\/div>\n\t\t\t\t<div class=\"elementor-element elementor-element-00bc857 elementor-widget elementor-widget-text-editor\" data-id=\"00bc857\" data-element_type=\"widget\" data-e-type=\"widget\" data-widget_type=\"text-editor.default\">\n\t\t\t\t<div class=\"elementor-widget-container\">\n\t\t\t\t\t\t\t\t\t<p>Conform GDPR, ai o serie de drepturi \u00een ceea ce prive\u0219te datele tale personale:<\/p><ul><li><strong>Dreptul de acces<\/strong>: po\u021bi solicita informa\u021bii despre datele tale personale pe care le de\u021binem.<\/li><li><strong>Dreptul de rectificare<\/strong>: ai dreptul s\u0103 ceri corectarea datelor inexacte.<\/li><li><strong>Dreptul la \u0219tergere<\/strong>: po\u021bi solicita \u0219tergerea datelor tale (cu respectarea anumitor obliga\u021bii legale).<\/li><li><strong>Dreptul la restric\u021bionare<\/strong>: po\u021bi solicita restric\u021bionarea prelucr\u0103rii datelor \u00een anumite condi\u021bii.<\/li><li><strong>Dreptul la portabilitate<\/strong>: ai dreptul s\u0103 prime\u0219ti datele tale \u00eentr-un format structurat, utilizat \u00een mod obi\u0219nuit \u0219i care poate fi citit automat.<\/li><li><strong>Dreptul de opozi\u021bie<\/strong>: po\u021bi obiecta prelucr\u0103rii datelor tale pentru anumite scopuri, inclusiv marketing direct.<\/li><li><strong>Dreptul de a retrage consim\u021b\u0103m\u00e2ntul<\/strong>: atunci c\u00e2nd prelucrarea datelor se bazeaz\u0103 pe consim\u021b\u0103m\u00e2nt, acesta poate fi retras \u00een orice moment.<\/li><\/ul><p>Pentru a-\u021bi exercita drepturile, ne po\u021bi contacta la adresa office@lunabistro.ro. R\u0103spundem solicit\u0103rilor tale \u00eentr-un termen de 30 de zile.<\/p>\t\t\t\t\t\t\t\t<\/div>\n\t\t\t\t<\/div>\n\t\t\t\t\t<\/div>\n\t\t\t\t<\/div>\n\t\t<div class=\"elementor-element elementor-element-1152c93 e-flex e-con-boxed e-con e-parent\" data-id=\"1152c93\" data-element_type=\"container\" data-e-type=\"container\">\n\t\t\t\t\t<div class=\"e-con-inner\">\n\t\t\t\t<div class=\"elementor-element elementor-element-27a9ebe elementor-widget elementor-widget-heading\" data-id=\"27a9ebe\" data-element_type=\"widget\" data-e-type=\"widget\" data-widget_type=\"heading.default\">\n\t\t\t\t<div class=\"elementor-widget-container\">\n\t\t\t\t\t<h2 class=\"elementor-heading-title elementor-size-default\">7. Dreptul de a depune o pl\u00e2ngere<\/h2>\t\t\t\t<\/div>\n\t\t\t\t<\/div>\n\t\t\t\t<div class=\"elementor-element elementor-element-8c2cbe0 elementor-widget elementor-widget-text-editor\" data-id=\"8c2cbe0\" data-element_type=\"widget\" data-e-type=\"widget\" data-widget_type=\"text-editor.default\">\n\t\t\t\t<div class=\"elementor-widget-container\">\n\t\t\t\t\t\t\t\t\t<p>Dac\u0103 consideri c\u0103 prelucrarea datelor tale personale nu respect\u0103 GDPR, ai dreptul de a depune o pl\u00e2ngere la Autoritatea Na\u021bional\u0103 de Supraveghere a Prelucr\u0103rii Datelor cu Caracter Personal (ANSPDCP) din Rom\u00e2nia.<\/p>\t\t\t\t\t\t\t\t<\/div>\n\t\t\t\t<\/div>\n\t\t\t\t\t<\/div>\n\t\t\t\t<\/div>\n\t\t<div class=\"elementor-element elementor-element-ea7b601 e-flex e-con-boxed e-con e-parent\" data-id=\"ea7b601\" data-element_type=\"container\" data-e-type=\"container\">\n\t\t\t\t\t<div class=\"e-con-inner\">\n\t\t\t\t<div class=\"elementor-element elementor-element-d4743e5 elementor-widget elementor-widget-heading\" data-id=\"d4743e5\" data-element_type=\"widget\" data-e-type=\"widget\" data-widget_type=\"heading.default\">\n\t\t\t\t<div class=\"elementor-widget-container\">\n\t\t\t\t\t<h2 class=\"elementor-heading-title elementor-size-default\">8. Profilare \u0219i luare de decizii automate<\/h2>\t\t\t\t<\/div>\n\t\t\t\t<\/div>\n\t\t\t\t<div class=\"elementor-element elementor-element-d5b554b elementor-widget elementor-widget-text-editor\" data-id=\"d5b554b\" data-element_type=\"widget\" data-e-type=\"widget\" data-widget_type=\"text-editor.default\">\n\t\t\t\t<div class=\"elementor-widget-container\">\n\t\t\t\t\t\t\t\t\t<p>\u00cen prezent, nu folosim profilarea sau deciziile automate care s\u0103 produc\u0103 efecte juridice asupra utilizatorilor. Dac\u0103 aceast\u0103 practic\u0103 va fi implementat\u0103, \u00ee\u021bi vom oferi toate informa\u021biile necesare \u0219i dreptul de a te opune.<\/p>\t\t\t\t\t\t\t\t<\/div>\n\t\t\t\t<\/div>\n\t\t\t\t\t<\/div>\n\t\t\t\t<\/div>\n\t\t<div class=\"elementor-element elementor-element-0ce1a07 e-flex e-con-boxed e-con e-parent\" data-id=\"0ce1a07\" data-element_type=\"container\" data-e-type=\"container\">\n\t\t\t\t\t<div class=\"e-con-inner\">\n\t\t\t\t<div class=\"elementor-element elementor-element-68bfa1e elementor-widget elementor-widget-heading\" data-id=\"68bfa1e\" data-element_type=\"widget\" data-e-type=\"widget\" data-widget_type=\"heading.default\">\n\t\t\t\t<div class=\"elementor-widget-container\">\n\t\t\t\t\t<h2 class=\"elementor-heading-title elementor-size-default\">9. Dezv\u0103luirea datelor c\u0103tre ter\u021be p\u0103r\u021bi<\/h2>\t\t\t\t<\/div>\n\t\t\t\t<\/div>\n\t\t\t\t<div class=\"elementor-element elementor-element-20b20c6 elementor-widget elementor-widget-text-editor\" data-id=\"20b20c6\" data-element_type=\"widget\" data-e-type=\"widget\" data-widget_type=\"text-editor.default\">\n\t\t\t\t<div class=\"elementor-widget-container\">\n\t\t\t\t\t\t\t\t\t<p>\u00cen desf\u0103\u0219urarea activit\u0103\u021bilor noastre, datele tale pot fi accesate de c\u0103tre angaja\u021bi, furnizori \u0219i colaboratori de servicii care respect\u0103 acelea\u0219i standarde de confiden\u021bialitate \u0219i securitate a datelor. Aceste ter\u021be p\u0103r\u021bi pot include furnizori IT, de pl\u0103\u021bi \u0219i servicii bancare, \u0219i servicii de marketing, toate \u00een baza unor contracte care protejeaz\u0103 datele tale. De asemenea, putem dezv\u0103lui datele tale unor autorit\u0103\u021bi publice, conform legisla\u021biei \u00een vigoare.<\/p>\t\t\t\t\t\t\t\t<\/div>\n\t\t\t\t<\/div>\n\t\t\t\t\t<\/div>\n\t\t\t\t<\/div>\n\t\t<div class=\"elementor-element elementor-element-26b3f15 e-flex e-con-boxed e-con e-parent\" data-id=\"26b3f15\" data-element_type=\"container\" data-e-type=\"container\">\n\t\t\t\t\t<div class=\"e-con-inner\">\n\t\t\t\t<div class=\"elementor-element elementor-element-9cd8b3f elementor-widget elementor-widget-heading\" data-id=\"9cd8b3f\" data-element_type=\"widget\" data-e-type=\"widget\" data-widget_type=\"heading.default\">\n\t\t\t\t<div class=\"elementor-widget-container\">\n\t\t\t\t\t<h2 class=\"elementor-heading-title elementor-size-default\">10. M\u0103suri de securitate<\/h2>\t\t\t\t<\/div>\n\t\t\t\t<\/div>\n\t\t\t\t<div class=\"elementor-element elementor-element-016f916 elementor-widget elementor-widget-text-editor\" data-id=\"016f916\" data-element_type=\"widget\" data-e-type=\"widget\" data-widget_type=\"text-editor.default\">\n\t\t\t\t<div class=\"elementor-widget-container\">\n\t\t\t\t\t\t\t\t\t<p>Utiliz\u0103m m\u0103suri de securitate adecvate, inclusiv criptarea datelor \u0219i m\u0103suri de control al accesului pentru a proteja informa\u021biile personale \u00eempotriva accesului neautorizat. Doar personalul autorizat \u0219i furnizorii contracta\u021bi care au nevoie de acces pentru a desf\u0103\u0219ura anumite activit\u0103\u021bi pot accesa datele tale.<\/p>\t\t\t\t\t\t\t\t<\/div>\n\t\t\t\t<\/div>\n\t\t\t\t\t<\/div>\n\t\t\t\t<\/div>\n\t\t<div class=\"elementor-element elementor-element-e0071cb e-flex e-con-boxed e-con e-parent\" data-id=\"e0071cb\" data-element_type=\"container\" data-e-type=\"container\">\n\t\t\t\t\t<div class=\"e-con-inner\">\n\t\t\t\t<div class=\"elementor-element elementor-element-9ca0597 elementor-widget elementor-widget-heading\" data-id=\"9ca0597\" data-element_type=\"widget\" data-e-type=\"widget\" data-widget_type=\"heading.default\">\n\t\t\t\t<div class=\"elementor-widget-container\">\n\t\t\t\t\t<h2 class=\"elementor-heading-title elementor-size-default\">11. Consim\u021b\u0103m\u00e2ntul<\/h2>\t\t\t\t<\/div>\n\t\t\t\t<\/div>\n\t\t\t\t<div class=\"elementor-element elementor-element-5a24486 elementor-widget elementor-widget-text-editor\" data-id=\"5a24486\" data-element_type=\"widget\" data-e-type=\"widget\" data-widget_type=\"text-editor.default\">\n\t\t\t\t<div class=\"elementor-widget-container\">\n\t\t\t\t\t\t\t\t\t<p>Prin utilizarea site-ului nostru, \u00ee\u021bi exprimi consim\u021b\u0103m\u00e2ntul cu privire la aceast\u0103 Politic\u0103 de Confiden\u021bialitate \u0219i la prelucrarea datelor tale \u00een conformitate cu aceasta.<\/p>\t\t\t\t\t\t\t\t<\/div>\n\t\t\t\t<\/div>\n\t\t\t\t\t<\/div>\n\t\t\t\t<\/div>\n\t\t\t\t<\/div>","protected":false},"excerpt":{"rendered":"<p>1. Informa\u021bii Generale Ne rezerv\u0103m dreptul de a actualiza \u0219i modifica periodic aceast\u0103 Politic\u0103 de Confiden\u021bialitate pentru a reflecta modific\u0103rile \u00een modul \u00een care prelucr\u0103m datele tale personale sau schimb\u0103rile cerin\u021belor legale. Vom publica pe website-ul nostru ultima versiune a Politicii de Confiden\u021bialitate, motiv pentru care te \u00eencuraj\u0103m s\u0103 o consul\u021bi periodic. Ne angaj\u0103m s\u0103 [&hellip;]<\/p>\n","protected":false},"author":1,"featured_media":0,"parent":0,"menu_order":0,"comment_status":"closed","ping_status":"closed","template":"elementor_header_footer","meta":{"_acf_changed":false,"footnotes":""},"class_list":["post-1577","page","type-page","status-publish","hentry"],"acf":[],"_links":{"self":[{"href":"https:\/\/lunabistro.ro\/en\/wp-json\/wp\/v2\/pages\/1577","targetHints":{"allow":["GET"]}}],"collection":[{"href":"https:\/\/lunabistro.ro\/en\/wp-json\/wp\/v2\/pages"}],"about":[{"href":"https:\/\/lunabistro.ro\/en\/wp-json\/wp\/v2\/types\/page"}],"author":[{"embeddable":true,"href":"https:\/\/lunabistro.ro\/en\/wp-json\/wp\/v2\/users\/1"}],"replies":[{"embeddable":true,"href":"https:\/\/lunabistro.ro\/en\/wp-json\/wp\/v2\/comments?post=1577"}],"version-history":[{"count":0,"href":"https:\/\/lunabistro.ro\/en\/wp-json\/wp\/v2\/pages\/1577\/revisions"}],"wp:attachment":[{"href":"https:\/\/lunabistro.ro\/en\/wp-json\/wp\/v2\/media?parent=1577"}],"curies":[{"name":"wp","href":"https:\/\/api.w.org\/{rel}","templated":true}]}}